{"id":304,"date":"2026-03-13T02:18:01","date_gmt":"2026-03-13T02:18:01","guid":{"rendered":"https:\/\/reginapazdur.pl\/?page_id=304"},"modified":"2026-03-15T01:29:39","modified_gmt":"2026-03-15T01:29:39","slug":"wiecej","status":"publish","type":"page","link":"https:\/\/reginapazdur.pl\/index.php\/wiecej\/","title":{"rendered":"wi\u0119cej&#8230;"},"content":{"rendered":"\t\t<div data-elementor-type=\"wp-page\" data-elementor-id=\"304\" class=\"elementor elementor-304\">\n\t\t\t\t<div class=\"elementor-element elementor-element-7441c5bf e-flex e-con-boxed e-con e-parent\" data-id=\"7441c5bf\" data-element_type=\"container\">\n\t\t\t\t\t<div class=\"e-con-inner\">\n\t\t\t\t<div class=\"elementor-element elementor-element-7dfa14e8 elementor-widget elementor-widget-text-editor\" data-id=\"7dfa14e8\" data-element_type=\"widget\" data-widget_type=\"text-editor.default\">\n\t\t\t\t\t\t\t\t\t\n<p>W swojej pracy zawodowej zajmuj\u0119 si\u0119 wieloma rzeczami z pogranicza etnologii, archiwistyki spo\u0142ecznej, sztuk wizualnych, muzyki i pedagogiki.<\/p>\n\n<p>Zapraszam serdecznie do zapoznania si\u0119 z poszczeg\u00f3lnymi zak\u0142adkami na stronie i tym samym poznania dzia\u0142a\u0144 podejmowanych przeze mnie w r\u00f3\u017cnych obszarach moich zainteresowa\u0144 badawczych, naukowych i artystycznych.<\/p>\n\n<p>Je\u017celi bliskie jest Ci to czym si\u0119 zajmuj\u0119 i widzisz obszary, w kt\u00f3rych chcia\u0142by\u015b ze mn\u0105 wsp\u00f3\u0142pracowa\u0107 &#8211; zapraszam do kontaktu.<\/p>\n\n<p>reginapazdur@gmail.com<\/p>\n\t\t\t\t\t\t\t\t<\/div>\n\t\t\t\t\t<\/div>\n\t\t\t\t<\/div>\n\t\t\t\t<\/div>\n\t\t","protected":false},"excerpt":{"rendered":"<p>W swojej pracy zawodowej zajmuj\u0119 si\u0119 wieloma rzeczami z pogranicza etnologii, archiwistyki spo\u0142ecznej, sztuk wizualnych, muzyki i pedagogiki. Zapraszam serdecznie do zapoznania si\u0119 z poszczeg\u00f3lnymi zak\u0142adkami na stronie i tym samym poznania dzia\u0142a\u0144 podejmowanych przeze mnie w r\u00f3\u017cnych obszarach moich zainteresowa\u0144 badawczych, naukowych i artystycznych. Je\u017celi bliskie jest Ci to czym si\u0119 zajmuj\u0119 i widzisz [&hellip;]<\/p>\n","protected":false},"author":1,"featured_media":0,"parent":0,"menu_order":0,"comment_status":"closed","ping_status":"closed","template":"","meta":{"footnotes":""},"class_list":["post-304","page","type-page","status-publish","hentry"],"_links":{"self":[{"href":"https:\/\/reginapazdur.pl\/index.php\/wp-json\/wp\/v2\/pages\/304","targetHints":{"allow":["GET"]}}],"collection":[{"href":"https:\/\/reginapazdur.pl\/index.php\/wp-json\/wp\/v2\/pages"}],"about":[{"href":"https:\/\/reginapazdur.pl\/index.php\/wp-json\/wp\/v2\/types\/page"}],"author":[{"embeddable":true,"href":"https:\/\/reginapazdur.pl\/index.php\/wp-json\/wp\/v2\/users\/1"}],"replies":[{"embeddable":true,"href":"https:\/\/reginapazdur.pl\/index.php\/wp-json\/wp\/v2\/comments?post=304"}],"version-history":[{"count":6,"href":"https:\/\/reginapazdur.pl\/index.php\/wp-json\/wp\/v2\/pages\/304\/revisions"}],"predecessor-version":[{"id":529,"href":"https:\/\/reginapazdur.pl\/index.php\/wp-json\/wp\/v2\/pages\/304\/revisions\/529"}],"wp:attachment":[{"href":"https:\/\/reginapazdur.pl\/index.php\/wp-json\/wp\/v2\/media?parent=304"}],"curies":[{"name":"wp","href":"https:\/\/api.w.org\/{rel}","templated":true}]}}