{"id":315,"date":"2026-03-13T02:42:13","date_gmt":"2026-03-13T02:42:13","guid":{"rendered":"https:\/\/reginapazdur.pl\/?page_id=315"},"modified":"2026-03-15T01:59:54","modified_gmt":"2026-03-15T01:59:54","slug":"archiwa-spoleczne","status":"publish","type":"page","link":"https:\/\/reginapazdur.pl\/index.php\/archiwa-spoleczne\/","title":{"rendered":"archiwa spo\u0142eczne"},"content":{"rendered":"\t\t<div data-elementor-type=\"wp-page\" data-elementor-id=\"315\" class=\"elementor elementor-315\">\n\t\t\t\t<div class=\"elementor-element elementor-element-2524ef60 e-flex e-con-boxed e-con e-parent\" data-id=\"2524ef60\" data-element_type=\"container\">\n\t\t\t\t\t<div class=\"e-con-inner\">\n\t\t\t\t<div class=\"elementor-element elementor-element-84bc0a elementor-widget elementor-widget-text-editor\" data-id=\"84bc0a\" data-element_type=\"widget\" data-widget_type=\"text-editor.default\">\n\t\t\t\t\t\t\t\t\t<p>Zajmuj\u0119 si\u0119 archiwistyk\u0105 spo\u0142eczn\u0105 nieprzerwanie od 2016 r. kiedy to po raz pierwszy wsp\u00f3\u0142za\u0142o\u017cy\u0142am archiwum spo\u0142eczne. By\u0142o to na \u0141emkowszczy\u017anie w Beskidzie Niskim w miejscowo\u015bci Nowica, z kt\u00f3r\u0105 jestem zwi\u0105zana od pocz\u0105tk\u00f3w lat dwutysi\u0119cznych. W ramach pracy nad <a style=\"background-color: #000000;\" href=\"http:\/\/nowicaprzyslup.pl\" data-type=\"link\" data-id=\"nowicaprzyslup.pl\">Archiwum Nowicy-Przys\u0142up <\/a>przeprowadza\u0142am badania terenowe, kwerendy w licznych muzeach oraz archiwach pa\u0144stwowych. Wiele uwagi po\u015bwi\u0119ca\u0142am r\u00f3wnie\u017c na dzia\u0142ania artystyczne powstaj\u0105ce w oparciu o gromadzony materia\u0142 archiwalny. Mam tu na my\u015bli wystawy fotografii archiwalnych, przygotowanie scenariusza i wyre\u017cyserowanie spektaklu muzycznego &#8220;Dom&#8221; (premiera 2024 r.) czy organizacj\u0119 pota\u0144c\u00f3wek wiejskich zatytu\u0142owanych &#8220;Pod jednym dachem&#8221;.<\/p>\n<p><!-- \/wp:paragraph --><!-- wp:image {\"id\":322,\"width\":\"178px\",\"height\":\"auto\",\"sizeSlug\":\"full\",\"linkDestination\":\"none\",\"align\":\"right\"} --><\/p>\n<p><!-- \/wp:paragraph --><!-- wp:paragraph --><\/p>\n<p>\u00a02019 r. razem z Maciejem Kud\u0142acikiem i z ramienia Fundacji &#8220;Memo&#8221; za\u0142o\u017cyli\u015bmy kolejne archiwum spo\u0142eczne &#8211; tym razem zlokalizowane w Beskidzie Ma\u0142ym w gminie Andrych\u00f3w. Przez cztery lata pracowali\u015bmy intensywnie nad &#8220;pod\u0142o\u017ceniem fundament\u00f3w&#8221; pod rozwijaj\u0105ce si\u0119<a href=\"http:\/\/aga.edu.pl\" data-type=\"link\" data-id=\"aga.edu.pl\"> Archiwum Gminy Andrych\u00f3w <\/a>prowadz\u0105c etnograficzne badania terenowe, pozyskuj\u0105c, opracowywuj\u0105c, digitalizuj\u0105c i archiwizuj\u0105c w Otwartym Systemie Archiwizacji OSA kilka tysi\u0119cy materia\u0142\u00f3w archiwalnych. Przeprowadzali\u015bmy wywiady we wszystkich so\u0142ectwach, spotykali\u015bmy si\u0119 z mieszka\u0144cami i mieszkankami; w ramach pracy w archiwum prowadzi\u0142am te\u017c warsztaty z zakresu historii m\u00f3wionej i archiwistyki spo\u0142ecznej.<\/p>\n<p><!-- \/wp:paragraph --><!-- wp:image {\"id\":323,\"width\":\"298px\",\"height\":\"auto\",\"sizeSlug\":\"large\",\"linkDestination\":\"none\",\"align\":\"left\"} --><\/p>\n<p><!-- \/wp:paragraph --><!-- wp:paragraph --><\/p>\n<p>W 2025 r. zainicjowa\u0142am powstanie dw\u00f3ch kolejnych archiw\u00f3w: na Podkarpaciu w powiecie strzy\u017cowskim a tak\u017ce w gminie U\u015bcie Gorlickie. Na Podkarpaciu powstanie <a href=\"https:\/\/zbioryspoleczne.pl\/zbiory\/PL_1061_ASPS\">Archiwum Spo\u0142ecznego Powiatu Strzy\u017cowskiego<\/a> zwi\u0105zane by\u0142o z dzia\u0142aniami artystycznymi skupionymi w ko\u0142o k\u0142opotliwego dziedzictwa &#8211; schronu kolejowego z czas\u00f3w II wojny \u015bwiatowej w St\u0119pinie. To w\u0142a\u015bnie tam zoragnizowali\u015bmy koncert zatytu\u0142owany &#8220;Fala Pokoju&#8221; po\u0142\u0105czony z prezentacj\u0105 videoartu mojego autorstwa powsta\u0142ego w oparciu pozyskany w trakcie bada\u0144 terenowych materia\u0142 archiwalny.<\/p>\n<p><!-- \/wp:paragraph --><!-- wp:paragraph --><\/p>\n<p><a href=\"https:\/\/casgug.pl\/\">Cyfrowe Archiwum Spo\u0142eczne Gminy U\u015bcie Gorlickie<\/a> CASGUG to m\u00f3j i Fundacji &#8220;Memo&#8221; najnowszy projekt. W ramach dzia\u0142a\u0144 nad utworzeniem tego archiwum przeprowadzili\u015bmy wywiady z mieszka\u0144cami gminy (nagrali\u015bmy 70 os\u00f3b) a tak\u017ce pozyskali\u015bmy, opracowali\u015bmy, zdigitalizowali\u015bmy i udost\u0119pnili\u015bmy na stronie CASGUGu ponad 500 materia\u0142\u00f3w archiwalnych zwi\u0105zanych z gmin\u0105.<\/p>\n<p><!-- \/wp:paragraph --><!-- wp:image {\"id\":324,\"width\":\"190px\",\"height\":\"auto\",\"sizeSlug\":\"full\",\"linkDestination\":\"none\",\"align\":\"right\"} --><\/p>\n<p>\u00a0<\/p>\n<figure class=\"wp-block-image alignright size-full is-resized\">Opr\u00f3cz tego przeprowadzi\u0142am spotkania dotycz\u0105ce archiwistyki spo\u0142ecznej, historii m\u00f3wionej i tego jak dba\u0107 o swoje archiwa domowe a tak\u017ce zorganizowa\u0142am wystaw\u0119 archiwalnych fotografii z omawianego zasobu.<\/figure>\n<p><!-- \/wp:paragraph --><!-- wp:paragraph --><\/p>\n<p>Powstanie ka\u017cdego z archiw\u00f3w, kt\u00f3re zak\u0142ada\u0142am, zwi\u0105zane jest ze \u015bcis\u0142\u0105 wsp\u00f3\u0142prac\u0105 z mieszka\u0144cami i mieszkankami danego miejsca a tak\u017ce Fundacj\u0105 &#8220;Memo&#8221; i Maciejem Kud\u0142acikiem.<\/p>\n<p><!-- \/wp:paragraph --><!-- wp:paragraph --><\/p>\n<p>\u00a0<\/p>\n<p>\u00a0<\/p>\n<p>\u00a0<\/p>\n<p><!-- \/wp:paragraph --><!-- wp:paragraph --><\/p>\n<p><!-- \/wp:paragraph --><\/p>\t\t\t\t\t\t\t\t<\/div>\n\t\t\t\t\t<\/div>\n\t\t\t\t<\/div>\n\t\t\t\t<\/div>\n\t\t","protected":false},"excerpt":{"rendered":"<p>Zajmuj\u0119 si\u0119 archiwistyk\u0105 spo\u0142eczn\u0105 nieprzerwanie od 2016 r. kiedy to po raz pierwszy wsp\u00f3\u0142za\u0142o\u017cy\u0142am archiwum spo\u0142eczne. By\u0142o to na \u0141emkowszczy\u017anie w Beskidzie Niskim w miejscowo\u015bci Nowica, z kt\u00f3r\u0105 jestem zwi\u0105zana od pocz\u0105tk\u00f3w lat dwutysi\u0119cznych. W ramach pracy nad Archiwum Nowicy-Przys\u0142up przeprowadza\u0142am badania terenowe, kwerendy w licznych muzeach oraz archiwach pa\u0144stwowych. Wiele uwagi po\u015bwi\u0119ca\u0142am r\u00f3wnie\u017c na [&hellip;]<\/p>\n","protected":false},"author":1,"featured_media":0,"parent":0,"menu_order":0,"comment_status":"closed","ping_status":"closed","template":"","meta":{"footnotes":""},"class_list":["post-315","page","type-page","status-publish","hentry"],"_links":{"self":[{"href":"https:\/\/reginapazdur.pl\/index.php\/wp-json\/wp\/v2\/pages\/315","targetHints":{"allow":["GET"]}}],"collection":[{"href":"https:\/\/reginapazdur.pl\/index.php\/wp-json\/wp\/v2\/pages"}],"about":[{"href":"https:\/\/reginapazdur.pl\/index.php\/wp-json\/wp\/v2\/types\/page"}],"author":[{"embeddable":true,"href":"https:\/\/reginapazdur.pl\/index.php\/wp-json\/wp\/v2\/users\/1"}],"replies":[{"embeddable":true,"href":"https:\/\/reginapazdur.pl\/index.php\/wp-json\/wp\/v2\/comments?post=315"}],"version-history":[{"count":31,"href":"https:\/\/reginapazdur.pl\/index.php\/wp-json\/wp\/v2\/pages\/315\/revisions"}],"predecessor-version":[{"id":558,"href":"https:\/\/reginapazdur.pl\/index.php\/wp-json\/wp\/v2\/pages\/315\/revisions\/558"}],"wp:attachment":[{"href":"https:\/\/reginapazdur.pl\/index.php\/wp-json\/wp\/v2\/media?parent=315"}],"curies":[{"name":"wp","href":"https:\/\/api.w.org\/{rel}","templated":true}]}}